{"id":79,"date":"2021-05-18T12:37:41","date_gmt":"2021-05-18T12:37:41","guid":{"rendered":"https:\/\/dca.academyskills.net\/digitalmarketing\/academics\/"},"modified":"2022-09-23T20:09:03","modified_gmt":"2022-09-23T20:09:03","slug":"academics","status":"publish","type":"page","link":"https:\/\/dca.academyskills.net\/digitalmarketing\/academics\/","title":{"rendered":"Academics"},"content":{"rendered":"\n<div class=\"inherit-container-width wp-block-group alignfull has-ast-global-color-0-background-color has-background is-layout-constrained wp-block-group-is-layout-constrained\"><div class=\"wp-block-group__inner-container\">\n<h1 class=\"has-text-align-center has-white-color has-text-color wp-block-heading\">Staff pedagogique<\/h1>\n<\/div><\/div>\n\n\n\n<div class=\"inherit-container-width wp-block-group alignfull has-ast-global-color-5-background-color has-background is-layout-constrained wp-block-group-is-layout-constrained\"><div class=\"wp-block-group__inner-container\">\n<h6 class=\"wp-block-heading\"><\/h6>\n\n\n\n<div class=\"wp-block-columns alignwide is-layout-flex wp-container-core-columns-is-layout-28f84493 wp-block-columns-is-layout-flex\">\n<div class=\"wp-block-column is-layout-flow wp-block-column-is-layout-flow\">\n<p><strong>Cette formation est encadr\u00e9e par une \u00e9quipe exp\u00e9riment\u00e9e de professeurs, d&rsquo;experts et d&rsquo;ing\u00e9nieurs, chacun selon sa sp\u00e9cialisation.<br>Notre personnel se caract\u00e9rise par une vision coh\u00e9rente sur la fa\u00e7on d&rsquo;encadrer et de transf\u00e9rer les connaissances gr\u00e2ce \u00e0 l&rsquo;adoption de programmes d&rsquo;\u00e9tudes modernes bas\u00e9s sur le cadre th\u00e9orique et l&rsquo;application sur le terrain, ce qui est un indicateur important pour \u00e9valuer la ma\u00eetrise des comp\u00e9tences et aptitudes cibl\u00e9es.<\/strong><\/p>\n<\/div>\n<\/div>\n<\/div><\/div>\n\n\n\n<div class=\"inherit-container-width wp-block-group alignfull has-ast-global-color-4-background-color has-background is-layout-constrained wp-block-group-is-layout-constrained\"><div class=\"wp-block-group__inner-container\">\n<div class=\"wp-block-media-text alignwide is-vertically-aligned-center\" style=\"grid-template-columns:20% auto\"><figure class=\"wp-block-media-text__media\"><img loading=\"lazy\" decoding=\"async\" width=\"368\" height=\"368\" src=\"https:\/\/dca.academyskills.net\/digitalmarketing\/wp-content\/uploads\/2022\/09\/pr-mostafa-ezziyyani.jpg\" alt=\"\" class=\"wp-image-343 size-full\" srcset=\"https:\/\/dca.academyskills.net\/digitalmarketing\/wp-content\/uploads\/2022\/09\/pr-mostafa-ezziyyani.jpg 368w, https:\/\/dca.academyskills.net\/digitalmarketing\/wp-content\/uploads\/2022\/09\/pr-mostafa-ezziyyani-300x300.jpg 300w, https:\/\/dca.academyskills.net\/digitalmarketing\/wp-content\/uploads\/2022\/09\/pr-mostafa-ezziyyani-150x150.jpg 150w\" sizes=\"auto, (max-width: 368px) 100vw, 368px\" \/><\/figure><div class=\"wp-block-media-text__content\">\n<h3 class=\"wp-block-heading\">Pr. Mostafa Ezziyyani<\/h3>\n\n\n\n<p>Conception et Analyse des Bases de donn\u00e9es &#8211; Programmation et D\u00e9veloppement Web<\/p>\n<\/div><\/div>\n\n\n\n<div style=\"height:50px\" aria-hidden=\"true\" class=\"wp-block-spacer\"><\/div>\n\n\n\n<div class=\"wp-block-media-text alignwide is-vertically-aligned-center\" style=\"grid-template-columns:20% auto\"><figure class=\"wp-block-media-text__media\"><img loading=\"lazy\" decoding=\"async\" width=\"368\" height=\"368\" src=\"https:\/\/dca.academyskills.net\/digitalmarketing\/wp-content\/uploads\/2022\/09\/logoprofil.jpg\" alt=\"\" class=\"wp-image-345 size-full\" srcset=\"https:\/\/dca.academyskills.net\/digitalmarketing\/wp-content\/uploads\/2022\/09\/logoprofil.jpg 368w, https:\/\/dca.academyskills.net\/digitalmarketing\/wp-content\/uploads\/2022\/09\/logoprofil-300x300.jpg 300w, https:\/\/dca.academyskills.net\/digitalmarketing\/wp-content\/uploads\/2022\/09\/logoprofil-150x150.jpg 150w\" sizes=\"auto, (max-width: 368px) 100vw, 368px\" \/><\/figure><div class=\"wp-block-media-text__content\">\n<h3 class=\"wp-block-heading\">Pr. Bouayyad Abdelouarith<\/h3>\n\n\n\n<p>Gestion et valorisation des ressources biologiques\/ Gestion de projet\/ 3D et Computer Animation\u00a0\u00bb<\/p>\n<\/div><\/div>\n\n\n\n<div style=\"height:50px\" aria-hidden=\"true\" class=\"wp-block-spacer\"><\/div>\n\n\n\n<div class=\"wp-block-media-text alignwide is-vertically-aligned-center\" style=\"grid-template-columns:20% auto\"><figure class=\"wp-block-media-text__media\"><img loading=\"lazy\" decoding=\"async\" width=\"368\" height=\"368\" src=\"https:\/\/dca.academyskills.net\/digitalmarketing\/wp-content\/uploads\/2022\/09\/logoprofil-1.jpg\" alt=\"\" class=\"wp-image-346 size-full\" srcset=\"https:\/\/dca.academyskills.net\/digitalmarketing\/wp-content\/uploads\/2022\/09\/logoprofil-1.jpg 368w, https:\/\/dca.academyskills.net\/digitalmarketing\/wp-content\/uploads\/2022\/09\/logoprofil-1-300x300.jpg 300w, https:\/\/dca.academyskills.net\/digitalmarketing\/wp-content\/uploads\/2022\/09\/logoprofil-1-150x150.jpg 150w\" sizes=\"auto, (max-width: 368px) 100vw, 368px\" \/><\/figure><div class=\"wp-block-media-text__content\">\n<h3 class=\"wp-block-heading\">Pr. Mohamed El Harzli<\/h3>\n\n\n\n<p>G\u00e9nie \u00e9lectrique\/Droit de propri\u00e9t\u00e9 intellectuelle<\/p>\n<\/div><\/div>\n\n\n\n<div style=\"height:50px\" aria-hidden=\"true\" class=\"wp-block-spacer\"><\/div>\n\n\n\n<div class=\"wp-block-media-text alignwide is-vertically-aligned-center\" style=\"grid-template-columns:20% auto\"><figure class=\"wp-block-media-text__media\"><img loading=\"lazy\" decoding=\"async\" width=\"368\" height=\"368\" src=\"https:\/\/dca.academyskills.net\/digitalmarketing\/wp-content\/uploads\/2022\/09\/logoprofil-2.jpg\" alt=\"\" class=\"wp-image-347 size-full\" srcset=\"https:\/\/dca.academyskills.net\/digitalmarketing\/wp-content\/uploads\/2022\/09\/logoprofil-2.jpg 368w, https:\/\/dca.academyskills.net\/digitalmarketing\/wp-content\/uploads\/2022\/09\/logoprofil-2-300x300.jpg 300w, https:\/\/dca.academyskills.net\/digitalmarketing\/wp-content\/uploads\/2022\/09\/logoprofil-2-150x150.jpg 150w\" sizes=\"auto, (max-width: 368px) 100vw, 368px\" \/><\/figure><div class=\"wp-block-media-text__content\">\n<h3 class=\"wp-block-heading\">Pr. Cherkaoui Ouafae<\/h3>\n\n\n\n<p>Techniques de Communication<\/p>\n<\/div><\/div>\n\n\n\n<div style=\"height:50px\" aria-hidden=\"true\" class=\"wp-block-spacer\"><\/div>\n\n\n\n<div class=\"wp-block-media-text alignwide is-vertically-aligned-center\" style=\"grid-template-columns:20% auto\"><figure class=\"wp-block-media-text__media\"><img loading=\"lazy\" decoding=\"async\" width=\"368\" height=\"368\" src=\"https:\/\/dca.academyskills.net\/digitalmarketing\/wp-content\/uploads\/2022\/09\/loubna-echcharrat.jpg\" alt=\"\" class=\"wp-image-348 size-full\" srcset=\"https:\/\/dca.academyskills.net\/digitalmarketing\/wp-content\/uploads\/2022\/09\/loubna-echcharrat.jpg 368w, https:\/\/dca.academyskills.net\/digitalmarketing\/wp-content\/uploads\/2022\/09\/loubna-echcharrat-300x300.jpg 300w, https:\/\/dca.academyskills.net\/digitalmarketing\/wp-content\/uploads\/2022\/09\/loubna-echcharrat-150x150.jpg 150w\" sizes=\"auto, (max-width: 368px) 100vw, 368px\" \/><\/figure><div class=\"wp-block-media-text__content\">\n<h3 class=\"wp-block-heading\">Pr. Loubna Cherrat<\/h3>\n\n\n\n<p>Digital Marketing et Web Design<\/p>\n<\/div><\/div>\n\n\n\n<div class=\"wp-block-media-text alignwide is-vertically-aligned-center\" style=\"grid-template-columns:20% auto\"><figure class=\"wp-block-media-text__media\"><img loading=\"lazy\" decoding=\"async\" width=\"368\" height=\"368\" src=\"https:\/\/dca.academyskills.net\/digitalmarketing\/wp-content\/uploads\/2022\/09\/med-reda-echcharrat.jpg\" alt=\"\" class=\"wp-image-349 size-full\" srcset=\"https:\/\/dca.academyskills.net\/digitalmarketing\/wp-content\/uploads\/2022\/09\/med-reda-echcharrat.jpg 368w, https:\/\/dca.academyskills.net\/digitalmarketing\/wp-content\/uploads\/2022\/09\/med-reda-echcharrat-300x300.jpg 300w, https:\/\/dca.academyskills.net\/digitalmarketing\/wp-content\/uploads\/2022\/09\/med-reda-echcharrat-150x150.jpg 150w\" sizes=\"auto, (max-width: 368px) 100vw, 368px\" \/><\/figure><div class=\"wp-block-media-text__content\">\n<h3 class=\"wp-block-heading\">Pr. Mohammed Reda Ec-cherrat<\/h3>\n\n\n\n<p>Economie Digitale<\/p>\n<\/div><\/div>\n\n\n\n<div class=\"wp-block-media-text alignwide is-vertically-aligned-center\" style=\"grid-template-columns:20% auto\"><figure class=\"wp-block-media-text__media\"><img loading=\"lazy\" decoding=\"async\" width=\"368\" height=\"368\" src=\"https:\/\/dca.academyskills.net\/digitalmarketing\/wp-content\/uploads\/2022\/09\/logoprofil-3.jpg\" alt=\"\" class=\"wp-image-350 size-full\" srcset=\"https:\/\/dca.academyskills.net\/digitalmarketing\/wp-content\/uploads\/2022\/09\/logoprofil-3.jpg 368w, https:\/\/dca.academyskills.net\/digitalmarketing\/wp-content\/uploads\/2022\/09\/logoprofil-3-300x300.jpg 300w, https:\/\/dca.academyskills.net\/digitalmarketing\/wp-content\/uploads\/2022\/09\/logoprofil-3-150x150.jpg 150w\" sizes=\"auto, (max-width: 368px) 100vw, 368px\" \/><\/figure><div class=\"wp-block-media-text__content\">\n<h3 class=\"wp-block-heading\">Pr. Aziz Chafik<\/h3>\n\n\n\n<p>Design Graphique et Digital (ENSAD)<\/p>\n<\/div><\/div>\n\n\n\n<div class=\"wp-block-media-text alignwide is-vertically-aligned-center\" style=\"grid-template-columns:20% auto\"><figure class=\"wp-block-media-text__media\"><img loading=\"lazy\" decoding=\"async\" width=\"368\" height=\"368\" src=\"https:\/\/dca.academyskills.net\/digitalmarketing\/wp-content\/uploads\/2022\/09\/abderrahimelyessefi.jpg\" alt=\"\" class=\"wp-image-351 size-full\" srcset=\"https:\/\/dca.academyskills.net\/digitalmarketing\/wp-content\/uploads\/2022\/09\/abderrahimelyessefi.jpg 368w, https:\/\/dca.academyskills.net\/digitalmarketing\/wp-content\/uploads\/2022\/09\/abderrahimelyessefi-300x300.jpg 300w, https:\/\/dca.academyskills.net\/digitalmarketing\/wp-content\/uploads\/2022\/09\/abderrahimelyessefi-150x150.jpg 150w\" sizes=\"auto, (max-width: 368px) 100vw, 368px\" \/><\/figure><div class=\"wp-block-media-text__content\">\n<h3 class=\"wp-block-heading\">Mr. Abderrahim El Yessefi<\/h3>\n\n\n\n<p>Techniques de Digital Marketing<\/p>\n<\/div><\/div>\n<\/div><\/div>\n","protected":false},"excerpt":{"rendered":"<p>Staff pedagogique Cette formation est encadr\u00e9e par une \u00e9quipe exp\u00e9riment\u00e9e de professeurs, d&rsquo;experts et d&rsquo;ing\u00e9nieurs, chacun selon sa sp\u00e9cialisation.Notre personnel se caract\u00e9rise par une vision coh\u00e9rente sur la fa\u00e7on d&rsquo;encadrer et de transf\u00e9rer les connaissances gr\u00e2ce \u00e0 l&rsquo;adoption de programmes d&rsquo;\u00e9tudes modernes bas\u00e9s sur le cadre th\u00e9orique et l&rsquo;application sur le terrain, ce qui est &hellip;<\/p>\n<p class=\"read-more\"> <a class=\"\" href=\"https:\/\/dca.academyskills.net\/digitalmarketing\/academics\/\"> <span class=\"screen-reader-text\">Academics<\/span> Lire la suite\u00a0\u00bb<\/a><\/p>\n","protected":false},"author":1,"featured_media":0,"parent":0,"menu_order":0,"comment_status":"closed","ping_status":"closed","template":"","meta":{"site-sidebar-layout":"no-sidebar","site-content-layout":"plain-container","ast-global-header-display":"","ast-main-header-display":"","ast-hfb-above-header-display":"","ast-hfb-below-header-display":"","ast-hfb-mobile-header-display":"","site-post-title":"disabled","ast-breadcrumbs-content":"","ast-featured-img":"","footer-sml-layout":"","theme-transparent-header-meta":"default","adv-header-id-meta":"","stick-header-meta":"","header-above-stick-meta":"","header-main-stick-meta":"","header-below-stick-meta":"","footnotes":""},"class_list":["post-79","page","type-page","status-publish","hentry"],"uagb_featured_image_src":{"full":false,"thumbnail":false,"medium":false,"medium_large":false,"large":false,"1536x1536":false,"2048x2048":false},"uagb_author_info":{"display_name":"keuly","author_link":"https:\/\/dca.academyskills.net\/digitalmarketing\/author\/keuly\/"},"uagb_comment_info":0,"uagb_excerpt":"Staff pedagogique Cette formation est encadr\u00e9e par une \u00e9quipe exp\u00e9riment\u00e9e de professeurs, d&rsquo;experts et d&rsquo;ing\u00e9nieurs, chacun selon sa sp\u00e9cialisation.Notre personnel se caract\u00e9rise par une vision coh\u00e9rente sur la fa\u00e7on d&rsquo;encadrer et de transf\u00e9rer les connaissances gr\u00e2ce \u00e0 l&rsquo;adoption de programmes d&rsquo;\u00e9tudes modernes bas\u00e9s sur le cadre th\u00e9orique et l&rsquo;application sur le terrain, ce qui est\u2026","_links":{"self":[{"href":"https:\/\/dca.academyskills.net\/digitalmarketing\/wp-json\/wp\/v2\/pages\/79","targetHints":{"allow":["GET"]}}],"collection":[{"href":"https:\/\/dca.academyskills.net\/digitalmarketing\/wp-json\/wp\/v2\/pages"}],"about":[{"href":"https:\/\/dca.academyskills.net\/digitalmarketing\/wp-json\/wp\/v2\/types\/page"}],"author":[{"embeddable":true,"href":"https:\/\/dca.academyskills.net\/digitalmarketing\/wp-json\/wp\/v2\/users\/1"}],"replies":[{"embeddable":true,"href":"https:\/\/dca.academyskills.net\/digitalmarketing\/wp-json\/wp\/v2\/comments?post=79"}],"version-history":[{"count":8,"href":"https:\/\/dca.academyskills.net\/digitalmarketing\/wp-json\/wp\/v2\/pages\/79\/revisions"}],"predecessor-version":[{"id":352,"href":"https:\/\/dca.academyskills.net\/digitalmarketing\/wp-json\/wp\/v2\/pages\/79\/revisions\/352"}],"wp:attachment":[{"href":"https:\/\/dca.academyskills.net\/digitalmarketing\/wp-json\/wp\/v2\/media?parent=79"}],"curies":[{"name":"wp","href":"https:\/\/api.w.org\/{rel}","templated":true}]}}