{"id":62,"date":"2021-05-18T12:24:24","date_gmt":"2021-05-18T12:24:24","guid":{"rendered":"https:\/\/dca.academyskills.net\/digitalmarketing\/about\/"},"modified":"2022-09-11T16:47:07","modified_gmt":"2022-09-11T16:47:07","slug":"about","status":"publish","type":"page","link":"https:\/\/dca.academyskills.net\/digitalmarketing\/about\/","title":{"rendered":"About"},"content":{"rendered":"\n<div class=\"inherit-container-width wp-block-group alignfull has-ast-global-color-0-background-color has-background is-layout-constrained wp-block-group-is-layout-constrained\"><div class=\"wp-block-group__inner-container\">\n<h1 class=\"has-text-align-center has-white-color has-text-color wp-block-heading\">Presentation de la Formation<\/h1>\n<\/div><\/div>\n\n\n\n<div class=\"inherit-container-width wp-block-group alignfull has-ast-global-color-5-background-color has-background is-layout-constrained wp-block-group-is-layout-constrained\"><div class=\"wp-block-group__inner-container\">\n<div class=\"wp-block-columns is-layout-flex wp-container-core-columns-is-layout-28f84493 wp-block-columns-is-layout-flex\">\n<div class=\"wp-block-column is-layout-flow wp-block-column-is-layout-flow\">\n<h2 class=\"wp-block-heading\"><strong>Objectifs de la formation<\/strong><\/h2>\n\n\n\n<p class=\"has-medium-font-size\"><strong>1-1\/ <em>Objectifs g\u00e9n\u00e9raux<\/em>&nbsp;<\/strong>:<\/p>\n\n\n\n<p style=\"text-align:justify;\">Le Maroc entreprend un investissement important au niveau du num\u00e9rique tant au niveau du d\u00e9veloppement des institutions priv\u00e9es et publiques qu\u2019au niveau de l\u2019enseignement. L\u2019actuel ministre de l\u2019enseignement sup\u00e9rieur a consid\u00e9r\u00e9 l\u2019utilisation du num\u00e9rique comme outil strat\u00e9gique dans la formation universitaire pour notre pays. <strong>Notre souhait par l\u2019\u00e9laboration de cette formation en digital Marketing audiovisuel est de renforcer la formation du digital Marketing avec un savoir th\u00e9orique et pratique de l\u2019audiovisuel, dans le but de cr\u00e9er des entrepreneurs capables de prendre en main tout projet de communication num\u00e9rique et de contribuer \u00e0 la formation des futurs responsables dans ce secteur qui est en plein essor.<\/strong><\/p>\n\n\n\n<p style=\"text-align:justify;\">Cette formation professionnelle a pour objectif majeur de former des entrepreneurs sup\u00e9rieurs autonomes, polyvalents capables de participer efficacement aux travaux en \u00e9quipe, de ma\u00eetriser les technologies de pointe mises en \u0153uvre dans les domaines de Marketing audiovisuel, avec un renforcement en droit d\u2019auteur et en gestion de projet.<\/p>\n\n\n\n<p class=\"has-medium-font-size\"><em><strong>1-2\/ Objectifs sp\u00e9cifiques&nbsp;:<\/strong><\/em><\/p>\n\n\n\n<p style=\"text-align:justify;\">&nbsp;&nbsp;&nbsp;&nbsp;&nbsp;&nbsp;&nbsp; Notre formation vise tout d\u2019abord la prise en main des connaissances primordiales et n\u00e9cessaires dans le domaine juridique via les droits d\u2019auteurs et de diffusion&nbsp;; dans le domaine de gestion des projets et de pr\u00e9production audiovisuelle&nbsp;; dans le domaine de communication audiovisuelle&nbsp;; dans le domaine du d\u00e9veloppement web et du marketing digital&nbsp;; dans le domaine du tournage et montage vid\u00e9o; dans le domaine de l\u2019animation 3D&nbsp;; et dans le domaine des effets sp\u00e9ciaux num\u00e9riques (CG computer graphics). Elle permet l\u2019acquisition d\u2019un savoir-faire sur le march\u00e9 de la communication audio-visuelle num\u00e9rique et du digital marketing tout en fournissant les ressources et les outils mat\u00e9riels et logiciels permettant de traduire les demandes des institutions en un message valoris\u00e9 et valorisant. Elle donne aussi une orientation sur la prise de d\u00e9cision relative au choix du support audio-visuel appropri\u00e9 pour tout projet de communication avec la maitrise du rapport qualit\u00e9\/prix.<\/p>\n<\/div>\n<\/div>\n<\/div><\/div>\n\n\n\n<div class=\"inherit-container-width wp-block-group alignfull has-ast-global-color-4-background-color has-background is-layout-constrained wp-block-group-is-layout-constrained\"><div class=\"wp-block-group__inner-container\">\n<div class=\"wp-block-media-text alignwide is-stacked-on-mobile is-vertically-aligned-center\" style=\"grid-template-columns:37% auto\"><figure class=\"wp-block-media-text__media\"><img loading=\"lazy\" decoding=\"async\" width=\"470\" height=\"640\" src=\"https:\/\/dca.academyskills.net\/digitalmarketing\/wp-content\/uploads\/2022\/08\/711397n-e1660594394683.jpg\" alt=\"\" class=\"wp-image-234 size-full\" srcset=\"https:\/\/dca.academyskills.net\/digitalmarketing\/wp-content\/uploads\/2022\/08\/711397n-e1660594394683.jpg 470w, https:\/\/dca.academyskills.net\/digitalmarketing\/wp-content\/uploads\/2022\/08\/711397n-e1660594394683-220x300.jpg 220w\" sizes=\"auto, (max-width: 470px) 100vw, 470px\" \/><\/figure><div class=\"wp-block-media-text__content\">\n<div class=\"inherit-container-width wp-block-group is-layout-constrained wp-block-group-is-layout-constrained\"><div class=\"wp-block-group__inner-container\">\n<div class=\"wp-block-uagb-info-box uagb-block-8ef51328 uagb-infobox__content-wrap  uagb-infobox-icon-left-title uagb-infobox-left uagb-infobox-image-valign-top uagb-infobox__outer-wrap\"><div class=\"uagb-ifb-content\"><div class=\"uagb-ifb-left-title-image\"><div class=\"uagb-ifb-icon-wrap\"><svg xmlns=\"https:\/\/www.w3.org\/2000\/svg\" viewBox=\"0 0 448 512\"><path d=\"M96 224C84.72 224 74.05 226.3 64 229.9V224c0-35.3 28.7-64 64-64c17.67 0 32-14.33 32-32S145.7 96 128 96C57.42 96 0 153.4 0 224v96c0 53.02 42.98 96 96 96s96-42.98 96-96S149 224 96 224zM352 224c-11.28 0-21.95 2.305-32 5.879V224c0-35.3 28.7-64 64-64c17.67 0 32-14.33 32-32s-14.33-32-32-32c-70.58 0-128 57.42-128 128v96c0 53.02 42.98 96 96 96s96-42.98 96-96S405 224 352 224z\"><\/path><\/svg><\/div><div class=\"uagb-ifb-title-wrap\"><\/div><\/div><\/div><\/div>\n\n\n\n<h3 class=\"has-large-font-size\" style=\"text-align:justify\"><em>Cette formation professionnelle a pour objectif majeur de former des entrepreneurs sup\u00e9rieurs autonomes, polyvalents capables de participer efficacement aux travaux en \u00e9quipe, de ma\u00eetriser les technologies de pointe mises en \u0153uvre dans les domaines de Marketing audiovisuel, avec un renforcement en droit d\u2019auteur et en gestion de projet<\/em>.<\/h3>\n\n\n\n<h5 class=\"wp-block-heading\">Dr. Mostafa Ezziyyani \u2014 Responsable de formation<\/h5>\n<\/div><\/div>\n<\/div><\/div>\n<\/div><\/div>\n\n\n\n<div class=\"inherit-container-width wp-block-group alignfull has-ast-global-color-5-background-color has-background is-layout-constrained wp-block-group-is-layout-constrained\"><div class=\"wp-block-group__inner-container\">\n<h6 class=\"has-text-align-center wp-block-heading\"><strong>Champion School at a Glance<\/strong><\/h6>\n\n\n\n<div class=\"wp-block-columns alignwide is-layout-flex wp-container-core-columns-is-layout-28f84493 wp-block-columns-is-layout-flex\">\n<div class=\"wp-block-column is-layout-flow wp-block-column-is-layout-flow\">\n<h2 class=\"has-text-align-center wp-block-heading\">10+<\/h2>\n\n\n\n<p class=\"has-text-align-center\"><strong><strong><strong><strong>Modules<\/strong><\/strong><\/strong><\/strong><\/p>\n<\/div>\n\n\n\n<div class=\"wp-block-column is-layout-flow wp-block-column-is-layout-flow\">\n<h2 class=\"has-text-align-center wp-block-heading\">50+<\/h2>\n\n\n\n<p class=\"has-text-align-center\"><strong><strong><strong><strong>Rubriques et Projets<\/strong><\/strong><\/strong><\/strong><\/p>\n<\/div>\n\n\n\n<div class=\"wp-block-column is-layout-flow wp-block-column-is-layout-flow\">\n<h2 class=\"has-text-align-center wp-block-heading\">8+<\/h2>\n\n\n\n<p class=\"has-text-align-center\"><strong><strong><strong>Formateurs<\/strong><\/strong><\/strong><\/p>\n<\/div>\n\n\n\n<div class=\"wp-block-column is-layout-flow wp-block-column-is-layout-flow\">\n<h2 class=\"has-text-align-center wp-block-heading\">5+<\/h2>\n\n\n\n<p class=\"has-text-align-center\"><strong><strong><strong>Experts professionnels<\/strong><\/strong><\/strong><\/p>\n<\/div>\n<\/div>\n\n\n\n<div class=\"inherit-container-width wp-block-group alignwide is-layout-constrained wp-block-group-is-layout-constrained\"><div class=\"wp-block-group__inner-container\">\n<hr class=\"wp-block-separator has-text-color has-ast-global-color-4-color has-css-opacity has-ast-global-color-4-background-color has-background alignwide is-style-wide\"\/>\n<\/div><\/div>\n\n\n\n<div class=\"wp-block-columns alignwide is-layout-flex wp-container-core-columns-is-layout-28f84493 wp-block-columns-is-layout-flex\">\n<div class=\"wp-block-column is-layout-flow wp-block-column-is-layout-flow\" style=\"flex-basis:33.33%\">\n<h6 class=\"wp-block-heading\"><strong>Profils des Dipl\u00f4m\u00e9s<\/strong><\/h6>\n<\/div>\n\n\n\n<div class=\"wp-block-column is-layout-flow wp-block-column-is-layout-flow\" style=\"flex-basis:66.66%\">\n<p>Le dipl\u00f4m\u00e9 de cette formation professionnelle en digital Marketing audiovisuel sera capable :<\/p><ul><li>de r\u00e9pondre \u00e0 une demande de clients de plus en plus informatis\u00e9 et de plus en plus exigeants,<\/li><li>de r\u00e9pondre aux normes internationales dans ce domaine tant au niveau juridique qu\u2019aux niveaux technique et \u00e9conomique,<\/li><li>de maitriser la gestion de projets,<\/li><li>de maitriser techniquement les outils mat\u00e9riels et logiciels num\u00e9riques audiovisuels,<\/li><li>de prendre en main un projet de communication et de marketing en utilisant le d\u00e9veloppement Web, mailing Campaign, SEO, l\u2019analyse et la manipulation de bases de donn\u00e9es,<\/li><li>de r\u00e9pondre aux demandes des entreprises en analysant leurs besoins en mati\u00e8re de communication et en les traduisant en un message audiovisuel cr\u00e9atif et valorisant, respectant les normes l\u00e9gales de diffusion.<\/li><\/ul>\n<\/div>\n<\/div>\n\n\n\n<div class=\"inherit-container-width wp-block-group alignwide is-layout-constrained wp-block-group-is-layout-constrained\"><div class=\"wp-block-group__inner-container\">\n<hr class=\"wp-block-separator has-text-color has-ast-global-color-4-color has-css-opacity has-ast-global-color-4-background-color has-background alignwide is-style-wide\"\/>\n<\/div><\/div>\n\n\n\n<div class=\"wp-block-columns alignwide are-vertically-aligned-center is-layout-flex wp-container-core-columns-is-layout-28f84493 wp-block-columns-is-layout-flex\">\n<div class=\"wp-block-column is-vertically-aligned-center is-layout-flow wp-block-column-is-layout-flow\" style=\"flex-basis:33.33%\">\n<h6 class=\"wp-block-heading\"><strong>Publics vis\u00e9s&nbsp;<\/strong><\/h6>\n<\/div>\n\n\n\n<div class=\"wp-block-column is-vertically-aligned-center is-layout-flow wp-block-column-is-layout-flow\" style=\"flex-basis:66.66%\">\n<p>Cet enseignement sera ouvert :<\/p>\n\n\n\n<p>\u2022 <strong><u>En formation initiale<\/u> :<\/strong><\/p>\n\n\n\n<ul class=\"wp-block-list\"><li>Jeunes dipl\u00f4m\u00e9s Bac +2 minimum.<\/li><li>Candidats titulaires d\u2019un DEUST, DEUG<\/li><li>\u00c1 tout \u00e9tudiant ayant un dipl\u00f4me consid\u00e9r\u00e9 \u00e9quivalent.<strong><\/strong><\/li><\/ul>\n\n\n\n<p>\u2022 <strong><u>En formation continue&nbsp;pour les professionnels<\/u>:<\/strong><\/p>\n\n\n\n<ul class=\"wp-block-list\"><li>Graphiste designer,<\/li><li>Free lancer en communication,<\/li><li>Salari\u00e9s ou cadres issus de secteurs priv\u00e9s et public qui souhaitent une mise \u00e0 niveau ou l\u2019acquisition de nouvelles comp\u00e9tences.<\/li><\/ul>\n<\/div>\n<\/div>\n\n\n\n<div class=\"inherit-container-width wp-block-group alignwide is-layout-constrained wp-block-group-is-layout-constrained\"><div class=\"wp-block-group__inner-container\">\n<hr class=\"wp-block-separator has-text-color has-ast-global-color-4-color has-css-opacity has-ast-global-color-4-background-color has-background alignwide is-style-wide\"\/>\n<\/div><\/div>\n\n\n\n<div class=\"wp-block-columns alignwide are-vertically-aligned-center is-layout-flex wp-container-core-columns-is-layout-28f84493 wp-block-columns-is-layout-flex\">\n<div class=\"wp-block-column is-vertically-aligned-center is-layout-flow wp-block-column-is-layout-flow\" style=\"flex-basis:33.33%\">\n<h6 class=\"wp-block-heading\"><strong>Conditions d\u2019acc\u00e8s et pr\u00e9requis p\u00e9dagogiques<\/strong><\/h6>\n<\/div>\n\n\n\n<div class=\"wp-block-column is-vertically-aligned-center is-layout-flow wp-block-column-is-layout-flow\" style=\"flex-basis:66.66%\">\n<p><strong>L\u2019acc\u00e8s \u00e0 cette formation est ouvert \u00e0 des&nbsp;:<\/strong><\/p>\n\n\n\n<p>\u2022Cadres ou employ\u00e9s dans le domaine du graphisme, multim\u00e9dia, mark\u00e9ting ou communication dipl\u00f4m\u00e9s d\u2019un Bac+2<\/p>\n\n\n\n<p>\u2022Jeunes dipl\u00f4m\u00e9s titulaires d\u2019un BAC+2 (DEUST, DEUG) ou dipl\u00f4mes \u00e9quivalents (BTS, DUT\u2026)<\/p>\n\n\n\n<p>\u2022 \u00c1 tout \u00e9tudiant ayant un dipl\u00f4me consid\u00e9r\u00e9 \u00e9quivalent.<\/p>\n\n\n\n<p>Le recrutement sera effectu\u00e9 apr\u00e8s acceptation du dossier et un entretien oral, par la commission de recrutement, au vu de la motivation du candidat.<\/p>\n<\/div>\n<\/div>\n\n\n\n<div class=\"wp-block-columns alignwide are-vertically-aligned-center is-layout-flex wp-container-core-columns-is-layout-28f84493 wp-block-columns-is-layout-flex\">\n<div class=\"wp-block-column is-vertically-aligned-center is-layout-flow wp-block-column-is-layout-flow\" style=\"flex-basis:33.33%\">\n<h6 class=\"wp-block-heading\"><strong>Inscription &amp; Tarifs<\/strong><\/h6>\n<\/div>\n\n\n\n<div class=\"wp-block-column is-vertically-aligned-center is-layout-flow wp-block-column-is-layout-flow\" style=\"flex-basis:66.66%\">\n<p class=\"has-medium-font-size\"><strong>Vous pouvez deposer votre candidature via le lien suivant:<\/strong> <a href=\"https:\/\/docs.google.com\/forms\/d\/e\/1FAIpQLScuncdhhb7WPTMtymN2iKqq1XKYJCaVgiPiWgKUeI88MjsJBg\/viewform?usp=send_form\" data-type=\"URL\" data-id=\"https:\/\/docs.google.com\/forms\/d\/e\/1FAIpQLScuncdhhb7WPTMtymN2iKqq1XKYJCaVgiPiWgKUeI88MjsJBg\/viewform?usp=send_form\" target=\"_blank\" rel=\"noreferrer noopener\"><strong>Inscription<\/strong><\/a><\/p>\n\n\n\n<p class=\"has-medium-font-size\"><strong>Co\u00fbt de la formation:<\/strong> <strong>25000 DH <\/strong>: avec facilit\u00e9 de paiement, sur 2 ou 3 tranches<\/p>\n<\/div>\n<\/div>\n<\/div><\/div>\n","protected":false},"excerpt":{"rendered":"<p>Presentation de la Formation Objectifs de la formation 1-1\/ Objectifs g\u00e9n\u00e9raux&nbsp;: Le Maroc entreprend un investissement important au niveau du num\u00e9rique tant au niveau du d\u00e9veloppement des institutions priv\u00e9es et publiques qu\u2019au niveau de l\u2019enseignement. L\u2019actuel ministre de l\u2019enseignement sup\u00e9rieur a consid\u00e9r\u00e9 l\u2019utilisation du num\u00e9rique comme outil strat\u00e9gique dans la formation universitaire pour notre pays. &hellip;<\/p>\n<p class=\"read-more\"> <a class=\"\" href=\"https:\/\/dca.academyskills.net\/digitalmarketing\/about\/\"> <span class=\"screen-reader-text\">About<\/span> Lire la suite\u00a0\u00bb<\/a><\/p>\n","protected":false},"author":1,"featured_media":0,"parent":0,"menu_order":0,"comment_status":"closed","ping_status":"closed","template":"","meta":{"site-sidebar-layout":"no-sidebar","site-content-layout":"plain-container","ast-global-header-display":"","ast-main-header-display":"","ast-hfb-above-header-display":"","ast-hfb-below-header-display":"","ast-hfb-mobile-header-display":"","site-post-title":"disabled","ast-breadcrumbs-content":"","ast-featured-img":"","footer-sml-layout":"","theme-transparent-header-meta":"default","adv-header-id-meta":"","stick-header-meta":"","header-above-stick-meta":"","header-main-stick-meta":"","header-below-stick-meta":"","footnotes":""},"class_list":["post-62","page","type-page","status-publish","hentry"],"uagb_featured_image_src":{"full":false,"thumbnail":false,"medium":false,"medium_large":false,"large":false,"1536x1536":false,"2048x2048":false},"uagb_author_info":{"display_name":"keuly","author_link":"https:\/\/dca.academyskills.net\/digitalmarketing\/author\/keuly\/"},"uagb_comment_info":0,"uagb_excerpt":"Presentation de la Formation Objectifs de la formation 1-1\/ Objectifs g\u00e9n\u00e9raux&nbsp;: Le Maroc entreprend un investissement important au niveau du num\u00e9rique tant au niveau du d\u00e9veloppement des institutions priv\u00e9es et publiques qu\u2019au niveau de l\u2019enseignement. L\u2019actuel ministre de l\u2019enseignement sup\u00e9rieur a consid\u00e9r\u00e9 l\u2019utilisation du num\u00e9rique comme outil strat\u00e9gique dans la formation universitaire pour notre pays.\u2026","_links":{"self":[{"href":"https:\/\/dca.academyskills.net\/digitalmarketing\/wp-json\/wp\/v2\/pages\/62","targetHints":{"allow":["GET"]}}],"collection":[{"href":"https:\/\/dca.academyskills.net\/digitalmarketing\/wp-json\/wp\/v2\/pages"}],"about":[{"href":"https:\/\/dca.academyskills.net\/digitalmarketing\/wp-json\/wp\/v2\/types\/page"}],"author":[{"embeddable":true,"href":"https:\/\/dca.academyskills.net\/digitalmarketing\/wp-json\/wp\/v2\/users\/1"}],"replies":[{"embeddable":true,"href":"https:\/\/dca.academyskills.net\/digitalmarketing\/wp-json\/wp\/v2\/comments?post=62"}],"version-history":[{"count":14,"href":"https:\/\/dca.academyskills.net\/digitalmarketing\/wp-json\/wp\/v2\/pages\/62\/revisions"}],"predecessor-version":[{"id":323,"href":"https:\/\/dca.academyskills.net\/digitalmarketing\/wp-json\/wp\/v2\/pages\/62\/revisions\/323"}],"wp:attachment":[{"href":"https:\/\/dca.academyskills.net\/digitalmarketing\/wp-json\/wp\/v2\/media?parent=62"}],"curies":[{"name":"wp","href":"https:\/\/api.w.org\/{rel}","templated":true}]}}