{"id":2,"date":"2022-07-31T02:58:27","date_gmt":"2022-07-31T02:58:27","guid":{"rendered":"https:\/\/dca.academyskills.net\/digitalmarketing\/?page_id=2"},"modified":"2022-09-05T12:06:20","modified_gmt":"2022-09-05T12:06:20","slug":"programme","status":"publish","type":"page","link":"https:\/\/dca.academyskills.net\/digitalmarketing\/programme\/","title":{"rendered":"Programme et deroulement de la formation"},"content":{"rendered":"\n<p class=\"has-large-font-size\"><strong>Programme et d\u00e9roulement de la formation<\/strong><\/p>\n\n\n\n<p><strong><u>R\u00e9alisation<\/u>&nbsp;:<\/strong><\/p>\n\n\n\n<p>Cours du soir et week-end \u00e0 raison d\u2019une moyenne de 15 heures par semaine.<\/p>\n\n\n\n<p>Les travaux pratiques de certains modules seront dispens\u00e9s dans une salle am\u00e9nag\u00e9e et \u00e9quip\u00e9e au d\u00e9partement d\u2019informatique, ainsi que sous forme de sorties \u00e0 l\u2019ext\u00e9rieur pour les tournages vid\u00e9o.<\/p>\n\n\n\n<figure class=\"wp-block-table has-medium-font-size\"><table><tbody><tr><td class=\"has-text-align-left\" data-align=\"left\"><strong>Modules<\/strong><\/td><td><strong>Nb. heures<\/strong><\/td><\/tr><tr><td class=\"has-text-align-left\" data-align=\"left\"><strong>Module1&nbsp;: Concepts et communication de L\u2019audiovisuel<\/strong><\/td><td><strong>60<\/strong><strong><\/strong><\/td><\/tr><tr><td class=\"has-text-align-left\" data-align=\"left\">&nbsp;&nbsp;&nbsp;&nbsp; El\u00e9ment 1&nbsp;: Techniques de communication et d\u2019expression<\/td><td>20<\/td><\/tr><tr><td class=\"has-text-align-left\" data-align=\"left\">&nbsp;&nbsp;&nbsp;&nbsp; El\u00e9ment 2&nbsp;: L\u2019impact de l\u2019image num\u00e9rique<\/td><td>20<\/td><\/tr><tr><td class=\"has-text-align-left\" data-align=\"left\">&nbsp;&nbsp;&nbsp;&nbsp; El\u00e9ment 3&nbsp;: Sondage, mesure d\u2019audience et neuromarketing<\/td><td>20<\/td><\/tr><tr><td class=\"has-text-align-left\" data-align=\"left\"><strong>Module2&nbsp;: <\/strong><strong>Gestion de la production audiovisuelle<\/strong><\/td><td><strong>60<\/strong><\/td><\/tr><tr><td class=\"has-text-align-left\" data-align=\"left\">&nbsp;&nbsp;&nbsp;&nbsp; El\u00e9ment 1&nbsp;: Droit et propri\u00e9t\u00e9 intellectuelle<\/td><td>20<\/td><\/tr><tr><td class=\"has-text-align-left\" data-align=\"left\">&nbsp;&nbsp;&nbsp;&nbsp; El\u00e9ment 2&nbsp;: Gestion de projet<\/td><td>20<\/td><\/tr><tr><td class=\"has-text-align-left\" data-align=\"left\">&nbsp;&nbsp;&nbsp;&nbsp; El\u00e9ment 3&nbsp;: Storyboarding et conception audiovisuelle<\/td><td>20<\/td><\/tr><tr><td class=\"has-text-align-left\" data-align=\"left\"><strong>Module3&nbsp;: D\u00e9veloppement Web<\/strong><\/td><td><strong>60<\/strong><\/td><\/tr><tr><td class=\"has-text-align-left\" data-align=\"left\">&nbsp;&nbsp;&nbsp;&nbsp; El\u00e9ment 1&nbsp;: Conception Analyse et Codage HTML, PHP, CSS<\/td><td>20<\/td><\/tr><tr><td class=\"has-text-align-left\" data-align=\"left\">&nbsp;&nbsp;&nbsp;&nbsp; El\u00e9ment 2&nbsp;: D\u00e9veloppent sur CRM WordPress et Joomla<\/td><td>20<\/td><\/tr><tr><td class=\"has-text-align-left\" data-align=\"left\">&nbsp;&nbsp;&nbsp;&nbsp; El\u00e9ment 3&nbsp;: Design de sites Web sur adobe Photoshop et XD<\/td><td>20<\/td><\/tr><tr><td class=\"has-text-align-left\" data-align=\"left\"><strong>Module4&nbsp;: Conception Administration et analyse de bases de donn\u00e9es<\/strong> <strong>&nbsp;<\/strong><\/td><td><strong>60<\/strong><\/td><\/tr><tr><td class=\"has-text-align-left\" data-align=\"left\">&nbsp;&nbsp;&nbsp;&nbsp; El\u00e9ment 1&nbsp;: Conception de Base de Donn\u00e9es &nbsp;<\/td><td>20<\/td><\/tr><tr><td class=\"has-text-align-left\" data-align=\"left\">&nbsp;&nbsp;&nbsp;&nbsp; El\u00e9ment 2 : Administration de bases de donn\u00e9es<\/td><td>20<\/td><\/tr><tr><td class=\"has-text-align-left\" data-align=\"left\">&nbsp;&nbsp;&nbsp;&nbsp; El\u00e9ment 3&nbsp;: Analyse de donn\u00e9es et BI &nbsp;<\/td><td>20<\/td><\/tr><tr><td class=\"has-text-align-left\" data-align=\"left\"><strong>Module5&nbsp;: <\/strong><strong>Digital Marketing, R\u00e9seaux sociaux, SEO, et ADS<\/strong> <strong>&nbsp;<\/strong><\/td><td><strong>60<\/strong><\/td><\/tr><tr><td class=\"has-text-align-left\" data-align=\"left\">&nbsp;&nbsp;&nbsp;&nbsp; El\u00e9ment 1&nbsp;: Introduction au Web marketing<\/td><td>30<\/td><\/tr><tr><td class=\"has-text-align-left\" data-align=\"left\">&nbsp;&nbsp;&nbsp;&nbsp; El\u00e9ment 2&nbsp;: SEO et gestion de pr\u00e9sence sur les moteurs de recherche<\/td><td>30<\/td><\/tr><tr><td class=\"has-text-align-left\" data-align=\"left\">&nbsp;&nbsp;&nbsp;&nbsp; El\u00e9ment 3&nbsp;: Mini Projet<\/td><td>30<\/td><\/tr><tr><td class=\"has-text-align-left\" data-align=\"left\"><strong>Module6&nbsp;: Outils et normes de l\u2019audiovisuel<\/strong><\/td><td><strong>60<\/strong><\/td><\/tr><tr><td class=\"has-text-align-left\" data-align=\"left\">&nbsp;&nbsp;&nbsp;&nbsp; El\u00e9ment 1&nbsp;: Outils Mat\u00e9riels<\/td><td>20<\/td><\/tr><tr><td class=\"has-text-align-left\" data-align=\"left\">&nbsp;&nbsp;&nbsp;&nbsp; El\u00e9ment 2&nbsp;: Outils Logiciels<\/td><td>20<\/td><\/tr><tr><td class=\"has-text-align-left\" data-align=\"left\">&nbsp;&nbsp;&nbsp;&nbsp; El\u00e9ment 3&nbsp;: Espaces typographiques, colorim\u00e9triques et normes l\u00e9gales de pr\u00e9sentations<\/td><td>20<\/td><\/tr><tr><td class=\"has-text-align-left\" data-align=\"left\"><strong>Module7&nbsp;: Mod\u00e9lisation et animation 3D<\/strong><\/td><td><strong>60<\/strong><\/td><\/tr><tr><td class=\"has-text-align-left\" data-align=\"left\">&nbsp;&nbsp;&nbsp;&nbsp; El\u00e9ment 1&nbsp;: Domaines d\u2019applications et march\u00e9s cibles des logiciels de mod\u00e9lisation et d\u2019animation 3D<\/td><td>20<\/td><\/tr><tr><td class=\"has-text-align-left\" data-align=\"left\">&nbsp;&nbsp;&nbsp;&nbsp; El\u00e9ment 2&nbsp;: Prise en main des logiciels Cinema 4D et Maya<\/td><td>40<\/td><\/tr><tr><td class=\"has-text-align-left\" data-align=\"left\"><strong>Module8&nbsp;: <\/strong><strong>Tournage et montage vid\u00e9o<\/strong><\/td><td><strong>60<\/strong><\/td><\/tr><tr><td class=\"has-text-align-left\" data-align=\"left\">&nbsp;&nbsp;&nbsp;&nbsp; El\u00e9ment 1&nbsp;: Les techniques de tournage<\/td><td>30<\/td><\/tr><tr><td class=\"has-text-align-left\" data-align=\"left\">&nbsp;&nbsp;&nbsp;&nbsp; El\u00e9ment 2&nbsp;: Le montage vid\u00e9o<\/td><td>30<\/td><\/tr><tr><td class=\"has-text-align-left\" data-align=\"left\"><strong>Module9&nbsp;: <\/strong><strong>Composition et effets sp\u00e9ciaux, CG computer graphics<\/strong><\/td><td><strong>60<\/strong><\/td><\/tr><tr><td class=\"has-text-align-left\" data-align=\"left\">&nbsp;&nbsp;&nbsp;&nbsp; El\u00e9ment 1&nbsp;: Assets management et espaces de composition sur Blackmagic Fusion et Autodesk Flame<strong><\/strong><\/td><td>20<strong><\/strong><\/td><\/tr><tr><td class=\"has-text-align-left\" data-align=\"left\">&nbsp;&nbsp;&nbsp;&nbsp; El\u00e9ment 2&nbsp;: Fonctionnement des modules, Paint, Roto, Keying<strong><\/strong><\/td><td>20<\/td><\/tr><tr><td class=\"has-text-align-left\" data-align=\"left\">&nbsp;&nbsp;&nbsp;&nbsp; El\u00e9ment 3&nbsp;: Camera Tracking, Match moving et composition video en 3D<strong><\/strong><\/td><td>20<\/td><\/tr><tr><td class=\"has-text-align-left\" data-align=\"left\"><strong>Module10&nbsp;: Projet de fin d\u2019\u00e9tudes<\/strong><\/td><td><strong>300<\/strong><\/td><\/tr><\/tbody><\/table><\/figure>\n","protected":false},"excerpt":{"rendered":"<p>Programme et d\u00e9roulement de la formation R\u00e9alisation&nbsp;: Cours du soir et week-end \u00e0 raison d\u2019une moyenne de 15 heures par semaine. Les travaux pratiques de certains modules seront dispens\u00e9s dans une salle am\u00e9nag\u00e9e et \u00e9quip\u00e9e au d\u00e9partement d\u2019informatique, ainsi que sous forme de sorties \u00e0 l\u2019ext\u00e9rieur pour les tournages vid\u00e9o. Modules Nb. heures Module1&nbsp;: Concepts &hellip;<\/p>\n<p class=\"read-more\"> <a class=\"\" href=\"https:\/\/dca.academyskills.net\/digitalmarketing\/programme\/\"> <span class=\"screen-reader-text\">Programme et deroulement de la formation<\/span> Lire la suite\u00a0\u00bb<\/a><\/p>\n","protected":false},"author":1,"featured_media":0,"parent":0,"menu_order":0,"comment_status":"closed","ping_status":"closed","template":"","meta":{"site-sidebar-layout":"default","site-content-layout":"default","ast-global-header-display":"","ast-main-header-display":"","ast-hfb-above-header-display":"","ast-hfb-below-header-display":"","ast-hfb-mobile-header-display":"","site-post-title":"disabled","ast-breadcrumbs-content":"","ast-featured-img":"","footer-sml-layout":"","theme-transparent-header-meta":"","adv-header-id-meta":"","stick-header-meta":"","header-above-stick-meta":"","header-main-stick-meta":"","header-below-stick-meta":"","footnotes":""},"class_list":["post-2","page","type-page","status-publish","hentry"],"uagb_featured_image_src":{"full":false,"thumbnail":false,"medium":false,"medium_large":false,"large":false,"1536x1536":false,"2048x2048":false},"uagb_author_info":{"display_name":"keuly","author_link":"https:\/\/dca.academyskills.net\/digitalmarketing\/author\/keuly\/"},"uagb_comment_info":0,"uagb_excerpt":"Programme et d\u00e9roulement de la formation R\u00e9alisation&nbsp;: Cours du soir et week-end \u00e0 raison d\u2019une moyenne de 15 heures par semaine. Les travaux pratiques de certains modules seront dispens\u00e9s dans une salle am\u00e9nag\u00e9e et \u00e9quip\u00e9e au d\u00e9partement d\u2019informatique, ainsi que sous forme de sorties \u00e0 l\u2019ext\u00e9rieur pour les tournages vid\u00e9o. Modules Nb. heures Module1&nbsp;: Concepts\u2026","_links":{"self":[{"href":"https:\/\/dca.academyskills.net\/digitalmarketing\/wp-json\/wp\/v2\/pages\/2","targetHints":{"allow":["GET"]}}],"collection":[{"href":"https:\/\/dca.academyskills.net\/digitalmarketing\/wp-json\/wp\/v2\/pages"}],"about":[{"href":"https:\/\/dca.academyskills.net\/digitalmarketing\/wp-json\/wp\/v2\/types\/page"}],"author":[{"embeddable":true,"href":"https:\/\/dca.academyskills.net\/digitalmarketing\/wp-json\/wp\/v2\/users\/1"}],"replies":[{"embeddable":true,"href":"https:\/\/dca.academyskills.net\/digitalmarketing\/wp-json\/wp\/v2\/comments?post=2"}],"version-history":[{"count":6,"href":"https:\/\/dca.academyskills.net\/digitalmarketing\/wp-json\/wp\/v2\/pages\/2\/revisions"}],"predecessor-version":[{"id":318,"href":"https:\/\/dca.academyskills.net\/digitalmarketing\/wp-json\/wp\/v2\/pages\/2\/revisions\/318"}],"wp:attachment":[{"href":"https:\/\/dca.academyskills.net\/digitalmarketing\/wp-json\/wp\/v2\/media?parent=2"}],"curies":[{"name":"wp","href":"https:\/\/api.w.org\/{rel}","templated":true}]}}