{"id":108,"date":"2021-05-18T11:36:35","date_gmt":"2021-05-18T11:36:35","guid":{"rendered":"https:\/\/dca.academyskills.net\/digitalmarketing\/home\/"},"modified":"2022-09-12T20:10:56","modified_gmt":"2022-09-12T20:10:56","slug":"home","status":"publish","type":"page","link":"https:\/\/dca.academyskills.net\/digitalmarketing\/","title":{"rendered":"Accueil"},"content":{"rendered":"\n<div class=\"wp-block-cover alignfull\" style=\"min-height:100vh;aspect-ratio:unset;\"><span aria-hidden=\"true\" class=\"wp-block-cover__background has-ast-global-color-2-background-color has-background-dim-30 has-background-dim\"><\/span><img loading=\"lazy\" decoding=\"async\" width=\"2560\" height=\"1432\" class=\"wp-block-cover__image-background wp-image-275\" alt=\"\" src=\"https:\/\/dca.academyskills.net\/digitalmarketing\/wp-content\/uploads\/2022\/08\/graph_chartround-scaled.jpg\" style=\"object-position:50% 60%\" data-object-fit=\"cover\" data-object-position=\"50% 60%\" srcset=\"https:\/\/dca.academyskills.net\/digitalmarketing\/wp-content\/uploads\/2022\/08\/graph_chartround-scaled.jpg 2560w, https:\/\/dca.academyskills.net\/digitalmarketing\/wp-content\/uploads\/2022\/08\/graph_chartround-300x168.jpg 300w, https:\/\/dca.academyskills.net\/digitalmarketing\/wp-content\/uploads\/2022\/08\/graph_chartround-1024x573.jpg 1024w, https:\/\/dca.academyskills.net\/digitalmarketing\/wp-content\/uploads\/2022\/08\/graph_chartround-768x430.jpg 768w, https:\/\/dca.academyskills.net\/digitalmarketing\/wp-content\/uploads\/2022\/08\/graph_chartround-1536x859.jpg 1536w, https:\/\/dca.academyskills.net\/digitalmarketing\/wp-content\/uploads\/2022\/08\/graph_chartround-2048x1146.jpg 2048w\" sizes=\"auto, (max-width: 2560px) 100vw, 2560px\" \/><div class=\"wp-block-cover__inner-container is-layout-flow wp-block-cover-is-layout-flow\">\n<hr class=\"wp-block-separator has-text-color has-white-color has-css-opacity has-white-background-color has-background\"\/>\n\n\n\n<h1 class=\"has-white-color has-text-color wp-block-heading\">Devenez Manager du Marketing Digital <\/h1>\n\n\n\n<p class=\"has-ast-global-color-5-color has-text-color\"><strong>Le DCA marketing digital audiovisuel<\/strong> offre une formation de haut-niveau. Il a pour objectif de d\u00e9livrer les comp\u00e9tences cl\u00e9s des m\u00e9tiers du marketing digital et de l\u2019audiovisuel. Grace \u00e0 cette formation, les apprenants acqui\u00e8rent le \u201csavoir faire\u201d solide et polyvalent dans le marketing digital.<\/p>\n\n\n\n<p>&#8212;&#8212;&#8212;&#8212;&#8212;&#8212;&#8212;&#8212;&#8212;&#8212;&#8212;&#8212;&#8211;<\/p>\n\n\n\n<div class=\"wp-block-buttons is-layout-flex wp-block-buttons-is-layout-flex\">\n<div class=\"wp-block-button is-style-fill\"><a class=\"wp-block-button__link has-ast-global-color-1-color has-text-color\" href=\"https:\/\/dca.academyskills.net\/digitalmarketing\/about\/\" target=\"_blank\" rel=\"noreferrer noopener\">En savoire plus<\/a><\/div>\n<\/div>\n<\/div><\/div>\n\n\n\n<div class=\"inherit-container-width wp-block-group alignfull has-ast-global-color-5-background-color has-background is-layout-constrained wp-block-group-is-layout-constrained\"><div class=\"wp-block-group__inner-container\">\n<h2 class=\"wp-block-heading\"><strong>Objectifs de la formation<\/strong><\/h2>\n\n\n\n<div class=\"wp-block-columns alignwide is-layout-flex wp-container-core-columns-is-layout-28f84493 wp-block-columns-is-layout-flex\">\n<div class=\"wp-block-column is-layout-flow wp-block-column-is-layout-flow\">\n<p style=\"text-align:justify;\">Notre souhait par l\u2019\u00e9laboration de cette formation en digital Marketing audiovisuel est de renforcer la formation du digital Marketing avec un savoir th\u00e9orique et pratique de l\u2019audiovisuel, dans le but de cr\u00e9er des entrepreneurs capables de prendre en main tout projet de communication num\u00e9rique et de contribuer \u00e0 la formation des futurs responsables dans ce secteur qui est en plein essor.<\/p>\n<\/div>\n\n\n\n<div class=\"wp-block-column is-layout-flow wp-block-column-is-layout-flow\">\n<p style=\"text-align:justify;\">Notre formation vise tout d\u2019abord la prise en main des connaissances primordiales et n\u00e9cessaires dans le domaine juridique via les droits d\u2019auteurs et de diffusion, la gestion de projets et de pr\u00e9production audiovisuelle, la communication audiovisuelle, le d\u00e9veloppement web et du marketing digital, le tournage et montage vid\u00e9o, l\u2019animation 3D, et dans le domaine des effets sp\u00e9ciaux num\u00e9riques (CG computer graphics).<\/p>\n<\/div>\n<\/div>\n\n\n\n<div style=\"height:50px\" aria-hidden=\"true\" class=\"wp-block-spacer\"><\/div>\n\n\n\n<div class=\"wp-block-buttons is-horizontal is-content-justification-left is-layout-flex wp-container-core-buttons-is-layout-20be11b6 wp-block-buttons-is-layout-flex\">\n<div class=\"wp-block-button\"><a class=\"wp-block-button__link has-ast-global-color-5-color has-ast-global-color-0-background-color has-text-color has-background\" href=\"https:\/\/dca.academyskills.net\/digitalmarketing\/programme\/\" target=\"_blank\" rel=\"noreferrer noopener\">En savoire plus<\/a><\/div>\n<\/div>\n\n\n\n<div style=\"height:50px\" aria-hidden=\"true\" class=\"wp-block-spacer\"><\/div>\n\n\n\n<hr class=\"wp-block-separator has-text-color has-ast-global-color-4-color has-css-opacity has-ast-global-color-4-background-color has-background is-style-wide\"\/>\n\n\n\n<div style=\"height:50px\" aria-hidden=\"true\" class=\"wp-block-spacer\"><\/div>\n\n\n\n<h6 class=\"has-text-align-center wp-block-heading\"><strong>Contenu Diversifi\u00e9 &amp; Staff Comp\u00e9tent <\/strong><\/h6>\n\n\n\n<div class=\"wp-block-columns alignwide is-layout-flex wp-container-core-columns-is-layout-28f84493 wp-block-columns-is-layout-flex\">\n<div class=\"wp-block-column is-layout-flow wp-block-column-is-layout-flow\">\n<h2 class=\"has-text-align-center wp-block-heading\">10+<\/h2>\n\n\n\n<p class=\"has-text-align-center\"><strong>Modules<\/strong><\/p>\n<\/div>\n\n\n\n<div class=\"wp-block-column is-layout-flow wp-block-column-is-layout-flow\">\n<h2 class=\"has-text-align-center wp-block-heading\">50+<\/h2>\n\n\n\n<p class=\"has-text-align-center\"><strong>Rubriques et Projets<\/strong><\/p>\n<\/div>\n\n\n\n<div class=\"wp-block-column is-layout-flow wp-block-column-is-layout-flow\">\n<h2 class=\"has-text-align-center wp-block-heading\">8+<\/h2>\n\n\n\n<p class=\"has-text-align-center\"><strong>Formateurs<\/strong><\/p>\n<\/div>\n\n\n\n<div class=\"wp-block-column is-layout-flow wp-block-column-is-layout-flow\">\n<h2 class=\"has-text-align-center wp-block-heading\">5+<\/h2>\n\n\n\n<p class=\"has-text-align-center\"><strong>Experts professionnels<\/strong><\/p>\n<\/div>\n<\/div>\n<\/div><\/div>\n\n\n\n<div class=\"inherit-container-width wp-block-group alignfull has-ast-global-color-5-background-color has-background is-layout-constrained wp-block-group-is-layout-constrained\"><div class=\"wp-block-group__inner-container\">\n<figure class=\"wp-block-image aligncenter size-large\"><img loading=\"lazy\" decoding=\"async\" width=\"1024\" height=\"576\" src=\"https:\/\/dca.academyskills.net\/digitalmarketing\/wp-content\/uploads\/2022\/08\/top-view-of-manager-woman-analyzing-financial-paperwork-strategy-typing-expertise-on-laptop-1024x576.jpg\" alt=\"\" class=\"wp-image-183\" srcset=\"https:\/\/dca.academyskills.net\/digitalmarketing\/wp-content\/uploads\/2022\/08\/top-view-of-manager-woman-analyzing-financial-paperwork-strategy-typing-expertise-on-laptop-1024x576.jpg 1024w, https:\/\/dca.academyskills.net\/digitalmarketing\/wp-content\/uploads\/2022\/08\/top-view-of-manager-woman-analyzing-financial-paperwork-strategy-typing-expertise-on-laptop-300x169.jpg 300w, https:\/\/dca.academyskills.net\/digitalmarketing\/wp-content\/uploads\/2022\/08\/top-view-of-manager-woman-analyzing-financial-paperwork-strategy-typing-expertise-on-laptop-768x432.jpg 768w, https:\/\/dca.academyskills.net\/digitalmarketing\/wp-content\/uploads\/2022\/08\/top-view-of-manager-woman-analyzing-financial-paperwork-strategy-typing-expertise-on-laptop-1536x864.jpg 1536w, https:\/\/dca.academyskills.net\/digitalmarketing\/wp-content\/uploads\/2022\/08\/top-view-of-manager-woman-analyzing-financial-paperwork-strategy-typing-expertise-on-laptop-2048x1152.jpg 2048w\" sizes=\"auto, (max-width: 1024px) 100vw, 1024px\" \/><\/figure>\n\n\n\n<figure class=\"wp-block-gallery has-nested-images columns-default is-cropped wp-block-gallery-1 is-layout-flex wp-block-gallery-is-layout-flex\">\n<figure class=\"wp-block-image size-large\"><img loading=\"lazy\" decoding=\"async\" width=\"1024\" height=\"683\" data-id=\"326\" src=\"https:\/\/dca.academyskills.net\/digitalmarketing\/wp-content\/uploads\/2022\/09\/pexels-expect-best-1046151-1024x683.jpg\" alt=\"\" class=\"wp-image-326\" srcset=\"https:\/\/dca.academyskills.net\/digitalmarketing\/wp-content\/uploads\/2022\/09\/pexels-expect-best-1046151-1024x683.jpg 1024w, https:\/\/dca.academyskills.net\/digitalmarketing\/wp-content\/uploads\/2022\/09\/pexels-expect-best-1046151-300x200.jpg 300w, https:\/\/dca.academyskills.net\/digitalmarketing\/wp-content\/uploads\/2022\/09\/pexels-expect-best-1046151-768x512.jpg 768w, https:\/\/dca.academyskills.net\/digitalmarketing\/wp-content\/uploads\/2022\/09\/pexels-expect-best-1046151-1536x1024.jpg 1536w, https:\/\/dca.academyskills.net\/digitalmarketing\/wp-content\/uploads\/2022\/09\/pexels-expect-best-1046151-2048x1365.jpg 2048w\" sizes=\"auto, (max-width: 1024px) 100vw, 1024px\" \/><\/figure>\n\n\n\n<figure class=\"wp-block-image size-large\"><img loading=\"lazy\" decoding=\"async\" width=\"1024\" height=\"683\" data-id=\"327\" src=\"https:\/\/dca.academyskills.net\/digitalmarketing\/wp-content\/uploads\/2022\/09\/MOP_21T_pexels-pixabay-270288-1024x683.jpg\" alt=\"\" class=\"wp-image-327\" srcset=\"https:\/\/dca.academyskills.net\/digitalmarketing\/wp-content\/uploads\/2022\/09\/MOP_21T_pexels-pixabay-270288-1024x683.jpg 1024w, https:\/\/dca.academyskills.net\/digitalmarketing\/wp-content\/uploads\/2022\/09\/MOP_21T_pexels-pixabay-270288-300x200.jpg 300w, https:\/\/dca.academyskills.net\/digitalmarketing\/wp-content\/uploads\/2022\/09\/MOP_21T_pexels-pixabay-270288-768x512.jpg 768w, https:\/\/dca.academyskills.net\/digitalmarketing\/wp-content\/uploads\/2022\/09\/MOP_21T_pexels-pixabay-270288-1536x1024.jpg 1536w, https:\/\/dca.academyskills.net\/digitalmarketing\/wp-content\/uploads\/2022\/09\/MOP_21T_pexels-pixabay-270288-2048x1365.jpg 2048w\" sizes=\"auto, (max-width: 1024px) 100vw, 1024px\" \/><\/figure>\n\n\n\n<figure class=\"wp-block-image size-large\"><img loading=\"lazy\" decoding=\"async\" width=\"1024\" height=\"616\" data-id=\"328\" src=\"https:\/\/dca.academyskills.net\/digitalmarketing\/wp-content\/uploads\/2022\/09\/job-5382501-1024x616.jpg\" alt=\"\" class=\"wp-image-328\" srcset=\"https:\/\/dca.academyskills.net\/digitalmarketing\/wp-content\/uploads\/2022\/09\/job-5382501-1024x616.jpg 1024w, https:\/\/dca.academyskills.net\/digitalmarketing\/wp-content\/uploads\/2022\/09\/job-5382501-300x181.jpg 300w, https:\/\/dca.academyskills.net\/digitalmarketing\/wp-content\/uploads\/2022\/09\/job-5382501-768x462.jpg 768w, https:\/\/dca.academyskills.net\/digitalmarketing\/wp-content\/uploads\/2022\/09\/job-5382501-1536x925.jpg 1536w, https:\/\/dca.academyskills.net\/digitalmarketing\/wp-content\/uploads\/2022\/09\/job-5382501-2048x1233.jpg 2048w\" sizes=\"auto, (max-width: 1024px) 100vw, 1024px\" \/><\/figure>\n<\/figure>\n\n\n\n<figure class=\"wp-block-gallery has-nested-images columns-default is-cropped wp-block-gallery-2 is-layout-flex wp-block-gallery-is-layout-flex\">\n<figure class=\"wp-block-image size-large\"><img loading=\"lazy\" decoding=\"async\" width=\"1024\" height=\"683\" data-id=\"332\" src=\"https:\/\/dca.academyskills.net\/digitalmarketing\/wp-content\/uploads\/2022\/09\/pexels-kelly-4041405-1024x683.jpg\" alt=\"\" class=\"wp-image-332\" srcset=\"https:\/\/dca.academyskills.net\/digitalmarketing\/wp-content\/uploads\/2022\/09\/pexels-kelly-4041405-1024x683.jpg 1024w, https:\/\/dca.academyskills.net\/digitalmarketing\/wp-content\/uploads\/2022\/09\/pexels-kelly-4041405-300x200.jpg 300w, https:\/\/dca.academyskills.net\/digitalmarketing\/wp-content\/uploads\/2022\/09\/pexels-kelly-4041405-768x512.jpg 768w, https:\/\/dca.academyskills.net\/digitalmarketing\/wp-content\/uploads\/2022\/09\/pexels-kelly-4041405-1536x1024.jpg 1536w, https:\/\/dca.academyskills.net\/digitalmarketing\/wp-content\/uploads\/2022\/09\/pexels-kelly-4041405-2048x1365.jpg 2048w\" sizes=\"auto, (max-width: 1024px) 100vw, 1024px\" \/><\/figure>\n\n\n\n<figure class=\"wp-block-image size-large\"><img loading=\"lazy\" decoding=\"async\" width=\"1024\" height=\"683\" data-id=\"333\" src=\"https:\/\/dca.academyskills.net\/digitalmarketing\/wp-content\/uploads\/2022\/09\/pexels-mikael-blomkvist-6476258-1024x683.jpg\" alt=\"\" class=\"wp-image-333\" srcset=\"https:\/\/dca.academyskills.net\/digitalmarketing\/wp-content\/uploads\/2022\/09\/pexels-mikael-blomkvist-6476258-1024x683.jpg 1024w, https:\/\/dca.academyskills.net\/digitalmarketing\/wp-content\/uploads\/2022\/09\/pexels-mikael-blomkvist-6476258-300x200.jpg 300w, https:\/\/dca.academyskills.net\/digitalmarketing\/wp-content\/uploads\/2022\/09\/pexels-mikael-blomkvist-6476258-768x512.jpg 768w, https:\/\/dca.academyskills.net\/digitalmarketing\/wp-content\/uploads\/2022\/09\/pexels-mikael-blomkvist-6476258-1536x1025.jpg 1536w, https:\/\/dca.academyskills.net\/digitalmarketing\/wp-content\/uploads\/2022\/09\/pexels-mikael-blomkvist-6476258-2048x1367.jpg 2048w\" sizes=\"auto, (max-width: 1024px) 100vw, 1024px\" \/><\/figure>\n\n\n\n<figure class=\"wp-block-image size-large\"><img loading=\"lazy\" decoding=\"async\" width=\"1024\" height=\"778\" data-id=\"331\" src=\"https:\/\/dca.academyskills.net\/digitalmarketing\/wp-content\/uploads\/2022\/09\/teamwork-3309829-1024x778.jpg\" alt=\"\" class=\"wp-image-331\" srcset=\"https:\/\/dca.academyskills.net\/digitalmarketing\/wp-content\/uploads\/2022\/09\/teamwork-3309829-1024x778.jpg 1024w, https:\/\/dca.academyskills.net\/digitalmarketing\/wp-content\/uploads\/2022\/09\/teamwork-3309829-300x228.jpg 300w, https:\/\/dca.academyskills.net\/digitalmarketing\/wp-content\/uploads\/2022\/09\/teamwork-3309829-768x584.jpg 768w, https:\/\/dca.academyskills.net\/digitalmarketing\/wp-content\/uploads\/2022\/09\/teamwork-3309829-1536x1167.jpg 1536w, https:\/\/dca.academyskills.net\/digitalmarketing\/wp-content\/uploads\/2022\/09\/teamwork-3309829-2048x1556.jpg 2048w\" sizes=\"auto, (max-width: 1024px) 100vw, 1024px\" \/><\/figure>\n<\/figure>\n\n\n\n<div class=\"wp-block-uagb-info-box uagb-block-56b245e3 uagb-infobox__content-wrap  uagb-infobox-icon-left-title uagb-infobox-left uagb-infobox-image-valign-top uagb-infobox__outer-wrap\"><div class=\"uagb-ifb-content\"><div class=\"uagb-ifb-left-title-image\"><div class=\"uagb-ifb-icon-wrap\"><svg xmlns=\"https:\/\/www.w3.org\/2000\/svg\" viewBox=\"0 0 448 512\"><path d=\"M96 224C84.72 224 74.05 226.3 64 229.9V224c0-35.3 28.7-64 64-64c17.67 0 32-14.33 32-32S145.7 96 128 96C57.42 96 0 153.4 0 224v96c0 53.02 42.98 96 96 96s96-42.98 96-96S149 224 96 224zM352 224c-11.28 0-21.95 2.305-32 5.879V224c0-35.3 28.7-64 64-64c17.67 0 32-14.33 32-32s-14.33-32-32-32c-70.58 0-128 57.42-128 128v96c0 53.02 42.98 96 96 96s96-42.98 96-96S405 224 352 224z\"><\/path><\/svg><\/div><div class=\"uagb-ifb-title-wrap\"><\/div><\/div><\/div><\/div>\n\n\n\n<h2 style=\"text-align:justify; font-size:19px;\"><em>Cette formation professionnelle a pour objectif majeur de former des entrepreneurs sup\u00e9rieurs autonomes, polyvalents capables de participer efficacement aux travaux en \u00e9quipe, de ma\u00eetriser les technologies de pointe mises en \u0153uvre dans les domaines de Marketing audiovisuel, avec un renforcement en droit d\u2019auteur et en gestion de projet<\/em>.<\/h2>\n\n\n\n<h5 class=\"wp-block-heading\">Dr. Mostafa Ezziyyani \u2014 Responsable de formation<\/h5>\n<\/div><\/div>\n\n\n\n<div class=\"inherit-container-width wp-block-group alignfull has-ast-global-color-4-background-color has-background is-layout-constrained wp-block-group-is-layout-constrained\"><div class=\"wp-block-group__inner-container\">\n<div class=\"wp-block-media-text alignwide is-stacked-on-mobile\" style=\"grid-template-columns:47% auto\"><figure class=\"wp-block-media-text__media\"><img loading=\"lazy\" decoding=\"async\" width=\"1024\" height=\"1024\" src=\"https:\/\/dca.academyskills.net\/digitalmarketing\/wp-content\/uploads\/2022\/08\/marketing-ideas-share-research-planning-concept-1024x1024.jpg\" alt=\"\" class=\"wp-image-198 size-full\" srcset=\"https:\/\/dca.academyskills.net\/digitalmarketing\/wp-content\/uploads\/2022\/08\/marketing-ideas-share-research-planning-concept-1024x1024.jpg 1024w, https:\/\/dca.academyskills.net\/digitalmarketing\/wp-content\/uploads\/2022\/08\/marketing-ideas-share-research-planning-concept-300x300.jpg 300w, https:\/\/dca.academyskills.net\/digitalmarketing\/wp-content\/uploads\/2022\/08\/marketing-ideas-share-research-planning-concept-150x150.jpg 150w, https:\/\/dca.academyskills.net\/digitalmarketing\/wp-content\/uploads\/2022\/08\/marketing-ideas-share-research-planning-concept-768x768.jpg 768w, https:\/\/dca.academyskills.net\/digitalmarketing\/wp-content\/uploads\/2022\/08\/marketing-ideas-share-research-planning-concept-1536x1536.jpg 1536w, https:\/\/dca.academyskills.net\/digitalmarketing\/wp-content\/uploads\/2022\/08\/marketing-ideas-share-research-planning-concept-2048x2048.jpg 2048w\" sizes=\"auto, (max-width: 1024px) 100vw, 1024px\" \/><\/figure><div class=\"wp-block-media-text__content\">\n<div class=\"inherit-container-width wp-block-group is-layout-constrained wp-block-group-is-layout-constrained\"><div class=\"wp-block-group__inner-container\">\n<h1 class=\"wp-block-heading\" style=\"font-size:30px\"><strong>Partenariat non universitaire<\/strong><\/h1>\n\n\n\n<h5 class=\"wp-block-heading\">Data Managment Compagny<\/h5>\n\n\n\n<p>Leader dans le domaine de digital marketing et production audiovisuel<\/p>\n\n\n\n<h5 class=\"wp-block-heading\">Soci\u00e9t\u00e9 Tang\u00e9roi de Maintenance<\/h5>\n\n\n\n<p>Groupe STM se positionne comme l\u2019interlocuteur de r\u00e9f\u00e9rence dans l\u2019int\u00e9gration d\u2019infrastructures et de syst\u00e8mes d\u2019information.<\/p>\n\n\n\n<h5 class=\"wp-block-heading\">Shems Lintas Publicit\u00e9<\/h5>\n\n\n\n<p>Agence marocaine situ\u00e9e a Casablanca, sp\u00e9cialis\u00e9e en mati\u00e8re de publicite et la cr\u00e9ation du contenu publicitaire<\/p>\n<\/div><\/div>\n<\/div><\/div>\n<\/div><\/div>\n\n\n\n<div class=\"inherit-container-width wp-block-group alignfull has-ast-global-color-0-background-color has-background is-layout-constrained wp-block-group-is-layout-constrained\"><div class=\"wp-block-group__inner-container\">\n<div class=\"wp-block-columns are-vertically-aligned-center is-layout-flex wp-container-core-columns-is-layout-28f84493 wp-block-columns-is-layout-flex\">\n<div class=\"wp-block-column is-vertically-aligned-center is-layout-flow wp-block-column-is-layout-flow\">\n<h4 class=\"has-white-color has-text-color wp-block-heading\">Vous souhaitez en savoir plus sur les admissions et les mises \u00e0 jour&nbsp;? Abonnez-vous maintenant!<\/h4>\n<\/div>\n\n\n\n<div class=\"wp-block-column is-vertically-aligned-center is-layout-flow wp-block-column-is-layout-flow\"><div\n\t\t\t\tclass=\"hustle-ui hustle-inline hustle-palette--gray_slate hustle_module_id_1 module_id_1   hustle-size--custom\"\n\t\t\t\t\n\t\t\tdata-id=\"1\"\n\t\t\tdata-render-id=\"0\"\n\t\t\tdata-tracking=\"enabled\"\n\t\t\t\n\t\t\t\tdata-intro=\"fadeIn\"\n\t\t\t\tdata-sub-type=\"shortcode\"\n\t\t\t\t\n\t\t\t\tstyle=\"opacity: 0;\"\n\t\t\t><div class=\"hustle-inline-content\"><div class=\"hustle-optin hustle-optin--default\"><div class=\"hustle-success\" data-close-delay=\"false\" style=\"display: none;\"><span class=\"hustle-icon-check\" aria-hidden=\"true\"><\/span><div class=\"hustle-success-content\"><\/div><\/div><div class=\"hustle-layout\"><div class=\"hustle-layout-body\"><div class=\"hustle-layout-content hustle-layout-position--left\"><div class=\"hustle-image hustle-image-fit--cover\" aria-hidden=\"true\"><img decoding=\"async\" src=\"https:\/\/dca.academyskills.net\/digitalmarketing\/wp-content\/plugins\/wordpress-popup\/assets\/images\/templates-images\/stay.png\" alt=\"\" class=\"hustle-image-position--centerbottom\" \/><\/div><\/div><form class=\"hustle-layout-form\" novalidate=\"novalidate\"><div class=\"hustle-form hustle-form-inline\"><div class=\"hustle-form-fields hustle-proximity-separated\"><div class=\"hustle-field hustle-field-required \"><label for=\"hustle-field-email-module-1\" id=\"hustle-field-email-module-1-label\" class=\"hustle-screen-reader\">Email<\/label><input id=\"hustle-field-email-module-1\" type=\"email\" class=\"hustle-input \" name=\"email\" value=\"\" aria-labelledby=\"hustle-field-email-module-1-label\" data-validate=\"1\" data-required-error=\"Email field is required.\" data-validation-error=\"Please enter a valid email.\" \/><span class=\"hustle-input-label\" aria-hidden=\"true\" style=\"flex-flow: row nowrap;\"><span>Enter your email address<\/span><\/span><\/div><button class=\"hustle-button hustle-button-submit \" aria-live=\"polite\" data-loading-text=\"Form is being submitted, please wait a bit.\"><span class=\"hustle-button-text\">S'inscrire<\/span><span class=\"hustle-icon-loader hustle-loading-icon\" aria-hidden=\"true\"><\/span><\/button><\/div><\/div><input type=\"hidden\" name=\"hustle_module_id\" value=\"1\"><input type=\"hidden\" name=\"post_id\" value=\"0\"><input type=\"hidden\" name=\"hustle_sub_type\" value=\"shortcode\"><div class=\"hustle-error-message\" style=\"display: none;\" data-default-error=\"Une erreur s&#039;est produite. Veuillez r\u00e9essayer.\"><\/div><\/form><\/div><\/div><\/div><\/div><\/div>\n<\/div>\n<\/div>\n<\/div><\/div>\n","protected":false},"excerpt":{"rendered":"<p>Objectifs de la formation Notre souhait par l\u2019\u00e9laboration de cette formation en digital Marketing audiovisuel est de renforcer la formation du digital Marketing avec un savoir th\u00e9orique et pratique de l\u2019audiovisuel, dans le but de cr\u00e9er des entrepreneurs capables de prendre en main tout projet de communication num\u00e9rique et de contribuer \u00e0 la formation des &hellip;<\/p>\n<p class=\"read-more\"> <a class=\"\" href=\"https:\/\/dca.academyskills.net\/digitalmarketing\/\"> <span class=\"screen-reader-text\">Accueil<\/span> Lire la suite\u00a0\u00bb<\/a><\/p>\n","protected":false},"author":1,"featured_media":0,"parent":0,"menu_order":0,"comment_status":"closed","ping_status":"closed","template":"","meta":{"site-sidebar-layout":"no-sidebar","site-content-layout":"plain-container","ast-global-header-display":"","ast-main-header-display":"","ast-hfb-above-header-display":"","ast-hfb-below-header-display":"","ast-hfb-mobile-header-display":"","site-post-title":"disabled","ast-breadcrumbs-content":"","ast-featured-img":"disabled","footer-sml-layout":"","theme-transparent-header-meta":"default","adv-header-id-meta":"","stick-header-meta":"","header-above-stick-meta":"","header-main-stick-meta":"","header-below-stick-meta":"","footnotes":""},"class_list":["post-108","page","type-page","status-publish","hentry"],"uagb_featured_image_src":{"full":false,"thumbnail":false,"medium":false,"medium_large":false,"large":false,"1536x1536":false,"2048x2048":false},"uagb_author_info":{"display_name":"keuly","author_link":"https:\/\/dca.academyskills.net\/digitalmarketing\/author\/keuly\/"},"uagb_comment_info":0,"uagb_excerpt":"Objectifs de la formation Notre souhait par l\u2019\u00e9laboration de cette formation en digital Marketing audiovisuel est de renforcer la formation du digital Marketing avec un savoir th\u00e9orique et pratique de l\u2019audiovisuel, dans le but de cr\u00e9er des entrepreneurs capables de prendre en main tout projet de communication num\u00e9rique et de contribuer \u00e0 la formation des\u2026","_links":{"self":[{"href":"https:\/\/dca.academyskills.net\/digitalmarketing\/wp-json\/wp\/v2\/pages\/108","targetHints":{"allow":["GET"]}}],"collection":[{"href":"https:\/\/dca.academyskills.net\/digitalmarketing\/wp-json\/wp\/v2\/pages"}],"about":[{"href":"https:\/\/dca.academyskills.net\/digitalmarketing\/wp-json\/wp\/v2\/types\/page"}],"author":[{"embeddable":true,"href":"https:\/\/dca.academyskills.net\/digitalmarketing\/wp-json\/wp\/v2\/users\/1"}],"replies":[{"embeddable":true,"href":"https:\/\/dca.academyskills.net\/digitalmarketing\/wp-json\/wp\/v2\/comments?post=108"}],"version-history":[{"count":58,"href":"https:\/\/dca.academyskills.net\/digitalmarketing\/wp-json\/wp\/v2\/pages\/108\/revisions"}],"predecessor-version":[{"id":337,"href":"https:\/\/dca.academyskills.net\/digitalmarketing\/wp-json\/wp\/v2\/pages\/108\/revisions\/337"}],"wp:attachment":[{"href":"https:\/\/dca.academyskills.net\/digitalmarketing\/wp-json\/wp\/v2\/media?parent=108"}],"curies":[{"name":"wp","href":"https:\/\/api.w.org\/{rel}","templated":true}]}}